{"id":33,"date":"2019-06-02T11:54:25","date_gmt":"2019-06-02T11:54:25","guid":{"rendered":"http:\/\/cg-mossautal.de\/?page_id=33"},"modified":"2025-08-16T07:29:03","modified_gmt":"2025-08-16T05:29:03","slug":"chronik","status":"publish","type":"page","link":"http:\/\/cg-mossautal.de\/?page_id=33","title":{"rendered":"Chronik"},"content":{"rendered":"\n<p class=\"has-theme-color-background-color has-background\" style=\"font-size:30px\"><strong>Geschichte der Chorgemeinschaft 1912 Mossautal<\/strong><\/p>\n\n\n\n<p><strong>1988<\/strong>\u00a0<\/p>\n\n\n\n<p>Am 05. Mai ging aus dem Zusammenschluss der Vereine \u201eMGV Eintracht Unter-Mossau\u201c (gegr\u00fcndet 1912) und \u201eMGV Liederkranz Ober-Mossau\u201c (gegr\u00fcndet 1925) die \u201eChorgemeinschaft 1912 Mossau\u201c hervor. Dirigent war Herr Wilhelm Walther. Erster Vorsitzender Dietmar Wirschke.<\/p>\n\n\n\n<p><strong>2006<\/strong><\/p>\n\n\n\n<p>Gr\u00fcndung eines Frauenchors unter der Leitung von Carolin De Meo<\/p>\n\n\n\n<p><strong>2008<\/strong><\/p>\n\n\n\n<p>\u00c4nderung der Vereinssatzung und Umbenennung in \u201eChorgemeinschaft 1912 Mossautal\u201c. Erster Vorsitzender war Herr Reinhard K\u00fcbler.<\/p>\n\n\n\n<p><strong>2010<\/strong><\/p>\n\n\n\n<p>Nach dem Abschied des Dirigenten Wilhelm Walther \u00fcbernahm Carolin de Meo auch die Leitung des M\u00e4nnerchors.&nbsp;<\/p>\n\n\n\n<p>Als Kinderchorprojekt wurde ein Weihnachtsmusical mit dem Titel \u201eWeihnachten f\u00e4llt heute aus\u201c in der Ev. Kirche zu Ober-Mossau aufgef\u00fchrt.<\/p>\n\n\n\n<p><strong>2011<\/strong><\/p>\n\n\n\n<p>Gr\u00fcndung eines Kinderchors unter der Leitung von Sebastian Bothe mit Auff\u00fchrung eines Kindermusicals.<\/p>\n\n\n\n<p><strong>2012<\/strong><\/p>\n\n\n\n<p>feierte man am 17. M\u00e4rz das 100j\u00e4hrige Jubil\u00e4um der Chorgemeinschaft mit einem Kommersabend in der Mossautalhalle und am 27. Juli mit einem Liederabend im Festzelt der Brauerei Schmucker.<\/p>\n\n\n\n<p><strong>2013<\/strong><\/p>\n\n\n\n<p>27. April &#8211; Teilnahme am Liederabend in Hummetroth anl\u00e4sslich des 50-j\u00e4hrigen Jubil\u00e4ums des ev. Kirchenchores Hummetroth.<\/p>\n\n\n\n<p>26. Juni Freundschaftssingen mit 20 Ch\u00f6ren anl\u00e4sslich des Brauereihoffestes Schmucker.<\/p>\n\n\n\n<p><strong>2014<\/strong><\/p>\n\n\n\n<p>27. Juli &#8211; Freundschaftssingen mit 18 Ch\u00f6ren anl\u00e4sslich des Brauereihoffestes Schmucker.<\/p>\n\n\n\n<p>20. Dezember \u2013 Weihnachtskonzert der Chorgemeinschaft in der Johanniterkirche in Ober-Mossau<\/p>\n\n\n\n<p><strong>2015<\/strong><\/p>\n\n\n\n<p>26. Juni &#8211; Freundschaftssingen Fest der Ch\u00f6re \u2013 Veranstaltung der Chorgemeinschaft&nbsp;<\/p>\n\n\n\n<p>17. Juli \u2013 Freundschaftssingen beim MGV Lampertheim.<\/p>\n\n\n\n<p><strong>2016<\/strong><\/p>\n\n\n\n<p>4. Juni \u2013 Bewirtung der G\u00e4ste anl\u00e4sslich der 650 Jahrfeier H\u00fcttenthal.<\/p>\n\n\n\n<p>24. Juni &#8211; Freundschaftssingen Fest der Ch\u00f6re \u2013 Veranstaltung der Chorgemeinschaft<\/p>\n\n\n\n<p>5. November Jubil\u00e4umsfeier 10 Jahre Frauenchor<\/p>\n\n\n\n<p><strong>2017<\/strong><\/p>\n\n\n\n<p>25. M\u00e4rz \u2013 Jubil\u00e4umskonzert des Frauenchores in der ev. Kirche in Ober-Mossau.<\/p>\n\n\n\n<p>28. Oktober \u2013 Liederabend der Chorgemeinschaft in der Mossautalhalle mit 9 Gastch\u00f6ren<\/p>\n\n\n\n<p><strong>2018<\/strong><\/p>\n\n\n\n<p>31.Mai \u2013 3.Juni &#8211; Mehrtagesausflug der Chorgemeinschaft nach Leipzig.<\/p>\n\n\n\n<p>1. September \u2013 Oldie-Night der Chorgemeinschaft im Gasthaus \u201eZum Ross\u201c<\/p>\n\n\n\n<p><strong>2019<\/strong><\/p>\n\n\n\n<p>15. Juni \u2013 Auftritt beim Jubil\u00e4um des Altenpflegeheimes \u201eGassbachhof\u201c in Hammelbach.<\/p>\n\n\n\n<p>3. August \u2013 Oldie-Night der Chorgemeinschaft im Gasthaus \u201eZum Ross\u201c<\/p>\n\n\n\n<p>31. August \u2013 Tagesausflug der Chorgemeinschaft nach Miltenberg mit Schifffahrt und Brauereibesichtigung.<\/p>\n\n\n\n<p><strong>2020<\/strong><\/p>\n\n\n\n<p>Aufgrund der Corona-Krise wurden keine Vereinsaktivit\u00e4ten unternommen.<\/p>\n\n\n\n<p><strong>2021<\/strong><\/p>\n\n\n\n<p>Aufgrund der Corona-Krise wurden keine Vereinsaktivit\u00e4ten unternommen.<\/p>\n\n\n\n<p>Ab 2. September Wiederaufnahme der Chorproben<\/p>\n\n\n\n<p><strong>2022<\/strong><\/p>\n\n\n\n<p>6. Dezember &#8211; Nikolausfeier der Chorgemeinschaft auf dem Dorfplatz in Ober-Mossau<\/p>\n\n\n\n<p>22. Dezember \u2013 Adventsfeier der CG Mossautal im Hof des Gasthauses \u201eZum Ross\u201c<\/p>\n\n\n\n<p><strong>2023<\/strong><\/p>\n\n\n\n<p>13. Mai \u2013 Kirchenkonzert der CG gemeinsam mit dem ev. Kirchenchor Hummetroth in der ev. Kirche in Ober-Mossau<\/p>\n\n\n\n<p>20. Oktober \u2013 Tagesausflug zur K\u00fcrbisausstellung nach Ludwigsburg<\/p>\n\n\n\n<p>6. Dezember \u2013 Nikolausfeier der Chorgemeinschaft auf dem Dorfplatz in Ober-Mossau.<\/p>\n\n\n\n<p><strong>2024<\/strong><\/p>\n\n\n\n<p>15. August \u2013 Start Projektchor 2024<\/p>\n\n\n\n<p>23. August \u2013 Wirtshaussingen der CG im \u201eHofcafe im Griene\u201c in Hiltersklingen.<\/p>\n\n\n\n<p>21. September \u2013 Auftritt der CG beim Chorkonzert des \u201eSingkreis Odenwald e.V.\u201c in der kath. Kirche in Erbach<\/p>\n\n\n\n<p>10. \u2013 13. Oktober &#8211; 4-t\u00e4gige Reise der Chorgemeinschaft nach Prag<\/p>\n\n\n\n<p>27. Oktober &#8211; Auftritt zusammen mit dem ev. Kirchenchor Hummetroth beim geistlichen Konzert des Herbertschen Chores in H\u00f6chst.<\/p>\n\n\n\n<p>9. November \u2013 Oldie-Night der Chorgemeinschaft im Gasthaus \u201eZum Ross\u201c<\/p>\n\n\n\n<p>6. Dezember &#8211; Nikolausfeier der CG in der Scheune bei den Familien Weyrauch-Biller und M\u00e4u\u00dfler.<\/p>\n\n\n\n<p>15. Dezember \u2013 Weihnachtskonzert der CG in der ev. Kirche Ober-Mossau, zusammen mit dem Projektchor, gemischtem Chor, Kirchenchor Hummetroth und dem Bl\u00e4serduett Dieter Wei\u00df und Uwe Buchwald<\/p>\n\n\n\n<p><\/p>\n","protected":false},"excerpt":{"rendered":"<p>Geschichte der Chorgemeinschaft 1912 Mossautal 1988\u00a0 Am 05. Mai ging aus dem Zusammenschluss der Vereine \u201eMGV Eintracht Unter-Mossau\u201c (gegr\u00fcndet 1912) und \u201eMGV Liederkranz Ober-Mossau\u201c (gegr\u00fcndet 1925) die \u201eChorgemeinschaft 1912 Mossau\u201c&#8230; <a class=\"read-more-link\" href=\"http:\/\/cg-mossautal.de\/?page_id=33\">Read more &raquo;<\/a><\/p>\n","protected":false},"author":1,"featured_media":0,"parent":0,"menu_order":0,"comment_status":"closed","ping_status":"closed","template":"","meta":{"footnotes":""},"class_list":["post-33","page","type-page","status-publish","hentry"],"_links":{"self":[{"href":"http:\/\/cg-mossautal.de\/index.php?rest_route=\/wp\/v2\/pages\/33","targetHints":{"allow":["GET"]}}],"collection":[{"href":"http:\/\/cg-mossautal.de\/index.php?rest_route=\/wp\/v2\/pages"}],"about":[{"href":"http:\/\/cg-mossautal.de\/index.php?rest_route=\/wp\/v2\/types\/page"}],"author":[{"embeddable":true,"href":"http:\/\/cg-mossautal.de\/index.php?rest_route=\/wp\/v2\/users\/1"}],"replies":[{"embeddable":true,"href":"http:\/\/cg-mossautal.de\/index.php?rest_route=%2Fwp%2Fv2%2Fcomments&post=33"}],"version-history":[{"count":5,"href":"http:\/\/cg-mossautal.de\/index.php?rest_route=\/wp\/v2\/pages\/33\/revisions"}],"predecessor-version":[{"id":620,"href":"http:\/\/cg-mossautal.de\/index.php?rest_route=\/wp\/v2\/pages\/33\/revisions\/620"}],"wp:attachment":[{"href":"http:\/\/cg-mossautal.de\/index.php?rest_route=%2Fwp%2Fv2%2Fmedia&parent=33"}],"curies":[{"name":"wp","href":"https:\/\/api.w.org\/{rel}","templated":true}]}}