{"id":40,"date":"2019-06-02T11:59:03","date_gmt":"2019-06-02T11:59:03","guid":{"rendered":"http:\/\/cg-mossautal.de\/?page_id=40"},"modified":"2025-01-18T18:13:43","modified_gmt":"2025-01-18T17:13:43","slug":"chorleiter","status":"publish","type":"page","link":"http:\/\/cg-mossautal.de\/?page_id=40","title":{"rendered":"Chorleiterin"},"content":{"rendered":"\n<figure class=\"wp-block-image size-full\"><img loading=\"lazy\" decoding=\"async\" width=\"250\" height=\"239\" src=\"http:\/\/cg-mossautal.de\/wp-content\/uploads\/2019\/06\/Carolin-De-Meo_red.jpg\" alt=\"\" class=\"wp-image-93\"\/><\/figure>\n\n\n\n<p><\/p>\n\n\n\n<p><strong><strong>Carolin De Meo ist seit 1978 als nebenberufliche Organistin in der evangelischen<br>Kirchengemeinde M\u00fcmling-Grumbach besch\u00e4ftigt. <\/strong><\/strong><\/p>\n\n\n\n<p><strong><strong>Im Hauptberuf ist sie Zahntechnikerin. Frau De Meo ist verheiratet und hat zwei erwachsene S\u00f6hne. <\/strong><\/strong><br><strong><strong>Seit dem Jahr 2000 ist sie die Chorleiterin des Kirchenchores Hummetroth.<br><\/strong><\/strong><\/p>\n\n\n\n<p><strong><strong>Ein weiterer Chor, die &#8222;Candlelights&#8220;, bestehend aus sechs S\u00e4ngerinnen und drei S\u00e4ngern, wurde 2007 von ihr gegr\u00fcndet.<br><br>Seit Anfang 2009 ist Frau De Meo die Dirigentin des Frauenchors unserer Chorgemeinschaft. Nach dem Abschied von Wilhelm Walther, dem langj\u00e4hrigen Chorleiter des M\u00e4nnerchores, \u00fcbernahm Carolin De Meo im Januar 2011 auch die Chorarbeit mit dem M\u00e4nnerchor. <\/strong><\/strong><\/p>\n\n\n\n<p><strong><strong><strong><strong>Es finden regelm\u00e4\u00dfig\u00a0<\/strong>jeden Donnerstag Proben mit allen Ch\u00f6ren<strong>\u00a0statt, an denen die S\u00e4ngerinnen und S\u00e4nger mit Freude teilnehmen.<\/strong><\/strong><\/strong><\/strong><\/p>\n\n\n\n<p><strong>Vizedirigent des Chores ist unser S\u00e4nger Uwe Buchwald.<\/strong><\/p>\n","protected":false},"excerpt":{"rendered":"<p>Carolin De Meo ist seit 1978 als nebenberufliche Organistin in der evangelischenKirchengemeinde M\u00fcmling-Grumbach besch\u00e4ftigt. Im Hauptberuf ist sie Zahntechnikerin. Frau De Meo ist verheiratet und hat zwei erwachsene S\u00f6hne. Seit&#8230; <a class=\"read-more-link\" href=\"http:\/\/cg-mossautal.de\/?page_id=40\">Read more &raquo;<\/a><\/p>\n","protected":false},"author":1,"featured_media":0,"parent":0,"menu_order":0,"comment_status":"closed","ping_status":"closed","template":"","meta":{"footnotes":""},"class_list":["post-40","page","type-page","status-publish","hentry"],"_links":{"self":[{"href":"http:\/\/cg-mossautal.de\/index.php?rest_route=\/wp\/v2\/pages\/40","targetHints":{"allow":["GET"]}}],"collection":[{"href":"http:\/\/cg-mossautal.de\/index.php?rest_route=\/wp\/v2\/pages"}],"about":[{"href":"http:\/\/cg-mossautal.de\/index.php?rest_route=\/wp\/v2\/types\/page"}],"author":[{"embeddable":true,"href":"http:\/\/cg-mossautal.de\/index.php?rest_route=\/wp\/v2\/users\/1"}],"replies":[{"embeddable":true,"href":"http:\/\/cg-mossautal.de\/index.php?rest_route=%2Fwp%2Fv2%2Fcomments&post=40"}],"version-history":[{"count":6,"href":"http:\/\/cg-mossautal.de\/index.php?rest_route=\/wp\/v2\/pages\/40\/revisions"}],"predecessor-version":[{"id":551,"href":"http:\/\/cg-mossautal.de\/index.php?rest_route=\/wp\/v2\/pages\/40\/revisions\/551"}],"wp:attachment":[{"href":"http:\/\/cg-mossautal.de\/index.php?rest_route=%2Fwp%2Fv2%2Fmedia&parent=40"}],"curies":[{"name":"wp","href":"https:\/\/api.w.org\/{rel}","templated":true}]}}