{"id":416,"date":"2024-10-03T12:25:19","date_gmt":"2024-10-03T10:25:19","guid":{"rendered":"http:\/\/cg-mossautal.de\/?page_id=416"},"modified":"2024-12-02T08:21:55","modified_gmt":"2024-12-02T07:21:55","slug":"oldie-night","status":"publish","type":"page","link":"http:\/\/cg-mossautal.de\/?page_id=416","title":{"rendered":"Oldie-Night"},"content":{"rendered":"\n<p><strong>Unsere Oldie-Night am 9. November<\/strong><\/p>\n\n\n\n<p>Die Chorgemeinschaft veranstaltete an diesem Abend eine Oldie-Night mit Hits aus den 60er bis 90er Jahren. Mit der Musik f\u00fchlte man sich sofort in diese Zeit zur\u00fcckversetzt. So wurde auch reichlich das Tanzbein geschwungen und bei einigen Liedern auch kr\u00e4ftig mitgesungen. Die Bewirtung \u00fcbernahm der Verein. Der Erl\u00f6s daraus dient dazu die laufenden Kosten des Vereins zu finanzieren. Ein besonderer Dank geht an alle Helferinnen\/Helfer die zum Gelingen der Veranstaltung beigetragen haben, ebenso der Familie K\u00fcbler f\u00fcr die zur Verf\u00fcgungstellung der R\u00e4umlichkeiten. Die Chorgemeinschaft bedankt sich auch bei allen G\u00e4sten die uns mit dem Besuch der Veranstaltung erm\u00f6glichen weiterhin kulturell in unserer Gemeinde t\u00e4tig zu sein.<br><\/p>\n\n\n\n<p><\/p>\n\n\n\n<figure class=\"wp-block-image size-full\"><img loading=\"lazy\" decoding=\"async\" width=\"592\" height=\"592\" src=\"http:\/\/cg-mossautal.de\/wp-content\/uploads\/2024\/12\/Oldie1.jpg\" alt=\"\" class=\"wp-image-502\" srcset=\"http:\/\/cg-mossautal.de\/wp-content\/uploads\/2024\/12\/Oldie1.jpg 592w, http:\/\/cg-mossautal.de\/wp-content\/uploads\/2024\/12\/Oldie1-300x300.jpg 300w, http:\/\/cg-mossautal.de\/wp-content\/uploads\/2024\/12\/Oldie1-150x150.jpg 150w, http:\/\/cg-mossautal.de\/wp-content\/uploads\/2024\/12\/Oldie1-576x576.jpg 576w\" sizes=\"auto, (max-width: 592px) 100vw, 592px\" \/><\/figure>\n\n\n\n<figure class=\"wp-block-image size-full\"><img loading=\"lazy\" decoding=\"async\" width=\"592\" height=\"589\" src=\"http:\/\/cg-mossautal.de\/wp-content\/uploads\/2024\/12\/Oldie2.jpg\" alt=\"\" class=\"wp-image-503\" srcset=\"http:\/\/cg-mossautal.de\/wp-content\/uploads\/2024\/12\/Oldie2.jpg 592w, http:\/\/cg-mossautal.de\/wp-content\/uploads\/2024\/12\/Oldie2-300x298.jpg 300w, http:\/\/cg-mossautal.de\/wp-content\/uploads\/2024\/12\/Oldie2-150x150.jpg 150w\" sizes=\"auto, (max-width: 592px) 100vw, 592px\" \/><\/figure>\n\n\n\n<figure class=\"wp-block-image size-full\"><img loading=\"lazy\" decoding=\"async\" width=\"589\" height=\"600\" src=\"http:\/\/cg-mossautal.de\/wp-content\/uploads\/2024\/12\/Oldie3.jpg\" alt=\"\" class=\"wp-image-504\" srcset=\"http:\/\/cg-mossautal.de\/wp-content\/uploads\/2024\/12\/Oldie3.jpg 589w, http:\/\/cg-mossautal.de\/wp-content\/uploads\/2024\/12\/Oldie3-295x300.jpg 295w\" sizes=\"auto, (max-width: 589px) 100vw, 589px\" \/><\/figure>\n\n\n\n<figure class=\"wp-block-image size-full\"><img loading=\"lazy\" decoding=\"async\" width=\"589\" height=\"598\" src=\"http:\/\/cg-mossautal.de\/wp-content\/uploads\/2024\/12\/Oldie4.jpg\" alt=\"\" class=\"wp-image-505\" srcset=\"http:\/\/cg-mossautal.de\/wp-content\/uploads\/2024\/12\/Oldie4.jpg 589w, http:\/\/cg-mossautal.de\/wp-content\/uploads\/2024\/12\/Oldie4-295x300.jpg 295w\" sizes=\"auto, (max-width: 589px) 100vw, 589px\" \/><\/figure>\n","protected":false},"excerpt":{"rendered":"<p>Unsere Oldie-Night am 9. November Die Chorgemeinschaft veranstaltete an diesem Abend eine Oldie-Night mit Hits aus den 60er bis 90er Jahren. Mit der Musik f\u00fchlte man sich sofort in diese&#8230; <a class=\"read-more-link\" href=\"http:\/\/cg-mossautal.de\/?page_id=416\">Read more &raquo;<\/a><\/p>\n","protected":false},"author":1,"featured_media":0,"parent":0,"menu_order":0,"comment_status":"closed","ping_status":"closed","template":"","meta":{"footnotes":""},"class_list":["post-416","page","type-page","status-publish","hentry"],"_links":{"self":[{"href":"http:\/\/cg-mossautal.de\/index.php?rest_route=\/wp\/v2\/pages\/416","targetHints":{"allow":["GET"]}}],"collection":[{"href":"http:\/\/cg-mossautal.de\/index.php?rest_route=\/wp\/v2\/pages"}],"about":[{"href":"http:\/\/cg-mossautal.de\/index.php?rest_route=\/wp\/v2\/types\/page"}],"author":[{"embeddable":true,"href":"http:\/\/cg-mossautal.de\/index.php?rest_route=\/wp\/v2\/users\/1"}],"replies":[{"embeddable":true,"href":"http:\/\/cg-mossautal.de\/index.php?rest_route=%2Fwp%2Fv2%2Fcomments&post=416"}],"version-history":[{"count":2,"href":"http:\/\/cg-mossautal.de\/index.php?rest_route=\/wp\/v2\/pages\/416\/revisions"}],"predecessor-version":[{"id":506,"href":"http:\/\/cg-mossautal.de\/index.php?rest_route=\/wp\/v2\/pages\/416\/revisions\/506"}],"wp:attachment":[{"href":"http:\/\/cg-mossautal.de\/index.php?rest_route=%2Fwp%2Fv2%2Fmedia&parent=416"}],"curies":[{"name":"wp","href":"https:\/\/api.w.org\/{rel}","templated":true}]}}