{"id":43,"date":"2019-06-02T11:59:03","date_gmt":"2019-06-02T11:59:03","guid":{"rendered":"http:\/\/cg-mossautal.de\/?page_id=43"},"modified":"2019-06-02T13:18:22","modified_gmt":"2019-06-02T13:18:22","slug":"impressum","status":"publish","type":"page","link":"http:\/\/cg-mossautal.de\/?page_id=43","title":{"rendered":"Impressum"},"content":{"rendered":"\n<p><strong>Verantwortlich:<br>\n\n\n\n\n\n\n\n\n\n\n\n\n\t\t\t\t\t\t\t<\/strong><\/p>\n\n\n\n<p><strong>Chorgemeinschaft 1912 Mossautal<\/strong><br>\n\n\n\n\n\n\n\n\n\n\n\n\n\t\t\t\t\t\t\t\t\t<\/p>\n\n\n\n<p><strong>1. Vorsitzender <\/strong><br>\n\n\n\n\n\n\n\nReinhard K\u00fcbler<br>\n\n\n\n\n\n\n\nKirchstr. 8<br>\n\n\n\n\n\n\n\n\n\n\n\n\n\t\t\t\t\t\t\t\t\t64756 Mossautal<br>\n\n\n\n\n\n\n\n\n\n\n\n\n\t\t\t\t\t\t\t\t\tTel.: 06061\/2398<br>\n\n\n\n\n\n\n\n\n\n\n\n\n\t\t\t\t\t\t\t\t\t<br>\n\n\n\n\n\n\n\n\n\n\n\n\n\t\t\t\t\t\t\t\t\t<strong>\teMail:<br>\n\n\n\n\n\n\n\n\n\n\n\n\n\t\t\t\t\t\t\t\t\t<\/strong><a href=\"mailto:reinhard@pension-ross.de\">reinhard@pension-ross.de<\/a><\/p>\n\n\n\n<p><br>\n\n\n\n\n\n\n\n\n\n\n\n\n\t\t\t\t\t\t\t\t\tDisclaimer<br>\n\n\n\n\n\n\n\n\n\n\n\n\n\t\t\t\t\t\t\t\t\t<br>\n\n\n\n\n\n\n\n\n\n\n\nDie Inhalte unserer Seiten wurden mit gr\u00f6\u00dfter Sorgfalt\nerstellt. F\u00fcr die Richtigkeit, Vollst\u00e4ndigkeit und\nAktualit\u00e4t der Inhalte k\u00f6nnen wir jedoch keine Gew\u00e4hr\n\u00fcbernehmen.<br>\n\n\n\n\n\n\n\n\n\n\n\n\n\t\t\t\t\t\t\t\t\t<br>\n\n\n\n\n\n\n\n\n\n\n\nAls Diensteanbieter sind wir gem\u00e4\u00df \u00a7 6 Abs.1 MDStV und\n\u00a7 8 Abs.1 TDG f\u00fcr eigene Inhalte auf diesen Seiten nach den\nallgemeinen Gesetzen verantwortlich. Diensteanbieter sind jedoch nicht\nverpflichtet, die von ihnen \u00fcbermittelten oder gespeicherten\nfremden Informationen zu \u00fcberwachen oder nach Umst\u00e4nden zu\nforschen, die auf eine rechtswidrige T\u00e4tigkeit hinweisen.\nVerpflichtungen zur Entfernung oder Sperrung der Nutzung von\nInformationen nach den allgemeinen Gesetzen bleiben hiervon\nunber\u00fchrt.<br>\n\n\n\n\n\n\n\n\n\n\n\n\n\t\t\t\t\t\t\t\t\t<br>\n\n\n\n\n\n\n\n\n\n\n\nEine diesbez\u00fcgliche Haftung ist jedoch erst ab dem Zeitpunkt der\nKenntnis einer konkreten Rechtsverletzung m\u00f6glich. Bei bekannt\nwerden von entsprechenden Rechtsverletzungen werden wir diese Inhalte\numgehend entfernen.<\/p>\n","protected":false},"excerpt":{"rendered":"<p>Verantwortlich: Chorgemeinschaft 1912 Mossautal 1. Vorsitzender Reinhard K\u00fcbler Kirchstr. 8 64756 Mossautal Tel.: 06061\/2398 eMail: reinhard@pension-ross.de Disclaimer Die Inhalte unserer Seiten wurden mit gr\u00f6\u00dfter Sorgfalt erstellt. F\u00fcr die Richtigkeit, Vollst\u00e4ndigkeit&#8230; <a class=\"read-more-link\" href=\"http:\/\/cg-mossautal.de\/?page_id=43\">Read more &raquo;<\/a><\/p>\n","protected":false},"author":1,"featured_media":0,"parent":0,"menu_order":0,"comment_status":"closed","ping_status":"closed","template":"","meta":{"footnotes":""},"class_list":["post-43","page","type-page","status-publish","hentry"],"_links":{"self":[{"href":"http:\/\/cg-mossautal.de\/index.php?rest_route=\/wp\/v2\/pages\/43","targetHints":{"allow":["GET"]}}],"collection":[{"href":"http:\/\/cg-mossautal.de\/index.php?rest_route=\/wp\/v2\/pages"}],"about":[{"href":"http:\/\/cg-mossautal.de\/index.php?rest_route=\/wp\/v2\/types\/page"}],"author":[{"embeddable":true,"href":"http:\/\/cg-mossautal.de\/index.php?rest_route=\/wp\/v2\/users\/1"}],"replies":[{"embeddable":true,"href":"http:\/\/cg-mossautal.de\/index.php?rest_route=%2Fwp%2Fv2%2Fcomments&post=43"}],"version-history":[{"count":2,"href":"http:\/\/cg-mossautal.de\/index.php?rest_route=\/wp\/v2\/pages\/43\/revisions"}],"predecessor-version":[{"id":96,"href":"http:\/\/cg-mossautal.de\/index.php?rest_route=\/wp\/v2\/pages\/43\/revisions\/96"}],"wp:attachment":[{"href":"http:\/\/cg-mossautal.de\/index.php?rest_route=%2Fwp%2Fv2%2Fmedia&parent=43"}],"curies":[{"name":"wp","href":"https:\/\/api.w.org\/{rel}","templated":true}]}}